{"id":4,"date":"2023-08-27T17:42:12","date_gmt":"2023-08-27T17:42:12","guid":{"rendered":"https:\/\/likeabosch.bosch-home.rs\/masine-ves\/?page_id=4"},"modified":"2024-10-30T12:58:38","modified_gmt":"2024-10-30T12:58:38","slug":"masine-za-ves","status":"publish","type":"page","link":"https:\/\/likeabosch.bosch-home.rs\/masine-ves\/","title":{"rendered":"Ma\u0161ine za ve\u0161 &#8211; Peri #LikeABosch"},"content":{"rendered":"","protected":false},"excerpt":{"rendered":"","protected":false},"author":1,"featured_media":0,"parent":0,"menu_order":0,"comment_status":"closed","ping_status":"closed","template":"page-landing.php","meta":{"footnotes":""},"class_list":["post-4","page","type-page","status-publish"],"acf":[],"yoast_head":"<!-- This site is optimized with the Yoast SEO plugin v17.0 - https:\/\/yoast.com\/wordpress\/plugins\/seo\/ -->\n<title>Ma\u0161ine za ve\u0161 - Peri #LikeABosch - Ma\u0161ine za ve\u0161<\/title>\n<meta name=\"robots\" content=\"index, follow, max-snippet:-1, max-image-preview:large, max-video-preview:-1\" \/>\n<link rel=\"canonical\" href=\"https:\/\/likeabosch.bosch-home.rs\/masine-ves\/\" \/>\n<meta property=\"og:locale\" content=\"en_US\" \/>\n<meta property=\"og:type\" content=\"article\" \/>\n<meta property=\"og:title\" content=\"Ma\u0161ine za ve\u0161 - Peri #LikeABosch - Ma\u0161ine za ve\u0161\" \/>\n<meta property=\"og:url\" content=\"https:\/\/likeabosch.bosch-home.rs\/masine-ves\/\" \/>\n<meta property=\"og:site_name\" content=\"Ma\u0161ine za ve\u0161\" \/>\n<meta property=\"article:modified_time\" content=\"2024-10-30T12:58:38+00:00\" \/>\n<meta name=\"twitter:card\" content=\"summary_large_image\" \/>\n<script type=\"application\/ld+json\" class=\"yoast-schema-graph\">{\"@context\":\"https:\/\/schema.org\",\"@graph\":[{\"@type\":\"WebSite\",\"@id\":\"https:\/\/likeabosch.bosch-home.rs\/masine-ves\/#website\",\"url\":\"https:\/\/likeabosch.bosch-home.rs\/masine-ves\/\",\"name\":\"Ma\\u0161ine za ve\\u0161\",\"description\":\"Peri #LikeABosch\",\"potentialAction\":[{\"@type\":\"SearchAction\",\"target\":{\"@type\":\"EntryPoint\",\"urlTemplate\":\"https:\/\/likeabosch.bosch-home.rs\/masine-ves\/?s={search_term_string}\"},\"query-input\":\"required name=search_term_string\"}],\"inLanguage\":\"en-US\"},{\"@type\":\"WebPage\",\"@id\":\"https:\/\/likeabosch.bosch-home.rs\/masine-ves\/#webpage\",\"url\":\"https:\/\/likeabosch.bosch-home.rs\/masine-ves\/\",\"name\":\"Ma\\u0161ine za ve\\u0161 - Peri #LikeABosch - Ma\\u0161ine za ve\\u0161\",\"isPartOf\":{\"@id\":\"https:\/\/likeabosch.bosch-home.rs\/masine-ves\/#website\"},\"datePublished\":\"2023-08-27T17:42:12+00:00\",\"dateModified\":\"2024-10-30T12:58:38+00:00\",\"breadcrumb\":{\"@id\":\"https:\/\/likeabosch.bosch-home.rs\/masine-ves\/#breadcrumb\"},\"inLanguage\":\"en-US\",\"potentialAction\":[{\"@type\":\"ReadAction\",\"target\":[\"https:\/\/likeabosch.bosch-home.rs\/masine-ves\/\"]}]},{\"@type\":\"BreadcrumbList\",\"@id\":\"https:\/\/likeabosch.bosch-home.rs\/masine-ves\/#breadcrumb\",\"itemListElement\":[{\"@type\":\"ListItem\",\"position\":1,\"name\":\"Home\",\"item\":\"https:\/\/likeabosch.bosch-home.rs\/masine-ves\/\"},{\"@type\":\"ListItem\",\"position\":2,\"name\":\"Ma\\u0161ine za ve\\u0161 &#8211; Peri #LikeABosch\"}]}]}<\/script>\n<!-- \/ Yoast SEO plugin. -->","yoast_head_json":{"title":"Ma\u0161ine za ve\u0161 - Peri #LikeABosch - Ma\u0161ine za ve\u0161","robots":{"index":"index","follow":"follow","max-snippet":"max-snippet:-1","max-image-preview":"max-image-preview:large","max-video-preview":"max-video-preview:-1"},"canonical":"https:\/\/likeabosch.bosch-home.rs\/masine-ves\/","og_locale":"en_US","og_type":"article","og_title":"Ma\u0161ine za ve\u0161 - Peri #LikeABosch - Ma\u0161ine za ve\u0161","og_url":"https:\/\/likeabosch.bosch-home.rs\/masine-ves\/","og_site_name":"Ma\u0161ine za ve\u0161","article_modified_time":"2024-10-30T12:58:38+00:00","twitter_card":"summary_large_image","schema":{"@context":"https:\/\/schema.org","@graph":[{"@type":"WebSite","@id":"https:\/\/likeabosch.bosch-home.rs\/masine-ves\/#website","url":"https:\/\/likeabosch.bosch-home.rs\/masine-ves\/","name":"Ma\u0161ine za ve\u0161","description":"Peri #LikeABosch","potentialAction":[{"@type":"SearchAction","target":{"@type":"EntryPoint","urlTemplate":"https:\/\/likeabosch.bosch-home.rs\/masine-ves\/?s={search_term_string}"},"query-input":"required name=search_term_string"}],"inLanguage":"en-US"},{"@type":"WebPage","@id":"https:\/\/likeabosch.bosch-home.rs\/masine-ves\/#webpage","url":"https:\/\/likeabosch.bosch-home.rs\/masine-ves\/","name":"Ma\u0161ine za ve\u0161 - Peri #LikeABosch - Ma\u0161ine za ve\u0161","isPartOf":{"@id":"https:\/\/likeabosch.bosch-home.rs\/masine-ves\/#website"},"datePublished":"2023-08-27T17:42:12+00:00","dateModified":"2024-10-30T12:58:38+00:00","breadcrumb":{"@id":"https:\/\/likeabosch.bosch-home.rs\/masine-ves\/#breadcrumb"},"inLanguage":"en-US","potentialAction":[{"@type":"ReadAction","target":["https:\/\/likeabosch.bosch-home.rs\/masine-ves\/"]}]},{"@type":"BreadcrumbList","@id":"https:\/\/likeabosch.bosch-home.rs\/masine-ves\/#breadcrumb","itemListElement":[{"@type":"ListItem","position":1,"name":"Home","item":"https:\/\/likeabosch.bosch-home.rs\/masine-ves\/"},{"@type":"ListItem","position":2,"name":"Ma\u0161ine za ve\u0161 &#8211; Peri #LikeABosch"}]}]}},"_links":{"self":[{"href":"https:\/\/likeabosch.bosch-home.rs\/masine-ves\/wp-json\/wp\/v2\/pages\/4","targetHints":{"allow":["GET"]}}],"collection":[{"href":"https:\/\/likeabosch.bosch-home.rs\/masine-ves\/wp-json\/wp\/v2\/pages"}],"about":[{"href":"https:\/\/likeabosch.bosch-home.rs\/masine-ves\/wp-json\/wp\/v2\/types\/page"}],"author":[{"embeddable":true,"href":"https:\/\/likeabosch.bosch-home.rs\/masine-ves\/wp-json\/wp\/v2\/users\/1"}],"replies":[{"embeddable":true,"href":"https:\/\/likeabosch.bosch-home.rs\/masine-ves\/wp-json\/wp\/v2\/comments?post=4"}],"version-history":[{"count":10,"href":"https:\/\/likeabosch.bosch-home.rs\/masine-ves\/wp-json\/wp\/v2\/pages\/4\/revisions"}],"predecessor-version":[{"id":165,"href":"https:\/\/likeabosch.bosch-home.rs\/masine-ves\/wp-json\/wp\/v2\/pages\/4\/revisions\/165"}],"wp:attachment":[{"href":"https:\/\/likeabosch.bosch-home.rs\/masine-ves\/wp-json\/wp\/v2\/media?parent=4"}],"curies":[{"name":"wp","href":"https:\/\/api.w.org\/{rel}","templated":true}]}}