{"id":173,"date":"2022-03-03T11:28:02","date_gmt":"2022-03-03T11:28:02","guid":{"rendered":"https:\/\/likeabosch.bosch-home.rs\/sudomasine\/?page_id=173"},"modified":"2026-03-22T22:15:28","modified_gmt":"2026-03-22T22:15:28","slug":"naslovna-2","status":"publish","type":"page","link":"https:\/\/likeabosch.bosch-home.rs\/sudomasine\/","title":{"rendered":"Naslovna"},"content":{"rendered":"","protected":false},"excerpt":{"rendered":"","protected":false},"author":1,"featured_media":0,"parent":0,"menu_order":0,"comment_status":"closed","ping_status":"closed","template":"page-landing.php","meta":{"footnotes":""},"class_list":["post-173","page","type-page","status-publish"],"acf":[],"yoast_head":"<!-- This site is optimized with the Yoast SEO plugin v17.0 - https:\/\/yoast.com\/wordpress\/plugins\/seo\/ -->\n<title>Manja potro\u0161nja vode, stvarno \u010disti sudovi.<\/title>\n<meta name=\"description\" content=\"Bosch i Finish udru\u017euju snage kako bi vam pru\u017eili blistavo \u010diste sudove bez da vi pomerite prst.\" \/>\n<meta name=\"robots\" content=\"index, follow, max-snippet:-1, max-image-preview:large, max-video-preview:-1\" \/>\n<link rel=\"canonical\" href=\"https:\/\/likeabosch.bosch-home.rs\/sudomasine\/\" \/>\n<meta property=\"og:locale\" content=\"en_US\" \/>\n<meta property=\"og:type\" content=\"article\" \/>\n<meta property=\"og:title\" content=\"Manja potro\u0161nja vode, stvarno \u010disti sudovi.\" \/>\n<meta property=\"og:description\" content=\"Bosch i Finish udru\u017euju snage kako bi vam pru\u017eili blistavo \u010diste sudove bez da vi pomerite prst.\" \/>\n<meta property=\"og:url\" content=\"https:\/\/likeabosch.bosch-home.rs\/sudomasine\/\" \/>\n<meta property=\"og:site_name\" content=\"Sudove peri i novac u\u0161tedi! - Recite zbogom ru\u010dnom pranju posu\u0111a - BOSCH Sudoma\u0161ine\" \/>\n<meta property=\"article:modified_time\" content=\"2026-03-22T22:15:28+00:00\" \/>\n<meta property=\"og:image\" content=\"https:\/\/likeabosch.bosch-home.rs\/sudomasine\/wp-content\/uploads\/sites\/4\/2024\/02\/r2.jpg\" \/>\n\t<meta property=\"og:image:width\" content=\"1200\" \/>\n\t<meta property=\"og:image:height\" content=\"630\" \/>\n<meta name=\"twitter:card\" content=\"summary_large_image\" \/>\n<script type=\"application\/ld+json\" class=\"yoast-schema-graph\">{\"@context\":\"https:\/\/schema.org\",\"@graph\":[{\"@type\":\"WebSite\",\"@id\":\"https:\/\/likeabosch.bosch-home.rs\/sudomasine\/#website\",\"url\":\"https:\/\/likeabosch.bosch-home.rs\/sudomasine\/\",\"name\":\"Sudove peri i novac u\\u0161tedi! - Recite zbogom ru\\u010dnom pranju posu\\u0111a - BOSCH Sudoma\\u0161ine\",\"description\":\"BOSCH Sudoma\\u0161ine\",\"potentialAction\":[{\"@type\":\"SearchAction\",\"target\":{\"@type\":\"EntryPoint\",\"urlTemplate\":\"https:\/\/likeabosch.bosch-home.rs\/sudomasine\/?s={search_term_string}\"},\"query-input\":\"required name=search_term_string\"}],\"inLanguage\":\"en-US\"},{\"@type\":\"ImageObject\",\"@id\":\"https:\/\/likeabosch.bosch-home.rs\/sudomasine\/#primaryimage\",\"inLanguage\":\"en-US\",\"url\":\"https:\/\/likeabosch.bosch-home.rs\/sudomasine\/wp-content\/uploads\/sites\/4\/2024\/02\/r2.jpg\",\"contentUrl\":\"https:\/\/likeabosch.bosch-home.rs\/sudomasine\/wp-content\/uploads\/sites\/4\/2024\/02\/r2.jpg\",\"width\":1200,\"height\":630},{\"@type\":\"WebPage\",\"@id\":\"https:\/\/likeabosch.bosch-home.rs\/sudomasine\/#webpage\",\"url\":\"https:\/\/likeabosch.bosch-home.rs\/sudomasine\/\",\"name\":\"Manja potro\\u0161nja vode, stvarno \\u010disti sudovi.\",\"isPartOf\":{\"@id\":\"https:\/\/likeabosch.bosch-home.rs\/sudomasine\/#website\"},\"datePublished\":\"2022-03-03T11:28:02+00:00\",\"dateModified\":\"2026-03-22T22:15:28+00:00\",\"description\":\"Bosch i Finish udru\\u017euju snage kako bi vam pru\\u017eili blistavo \\u010diste sudove bez da vi pomerite prst.\",\"breadcrumb\":{\"@id\":\"https:\/\/likeabosch.bosch-home.rs\/sudomasine\/#breadcrumb\"},\"inLanguage\":\"en-US\",\"potentialAction\":[{\"@type\":\"ReadAction\",\"target\":[\"https:\/\/likeabosch.bosch-home.rs\/sudomasine\/\"]}]},{\"@type\":\"BreadcrumbList\",\"@id\":\"https:\/\/likeabosch.bosch-home.rs\/sudomasine\/#breadcrumb\",\"itemListElement\":[{\"@type\":\"ListItem\",\"position\":1,\"name\":\"Home\",\"item\":\"https:\/\/likeabosch.bosch-home.rs\/sudomasine\/\"},{\"@type\":\"ListItem\",\"position\":2,\"name\":\"Naslovna\"}]}]}<\/script>\n<!-- \/ Yoast SEO plugin. -->","yoast_head_json":{"title":"Manja potro\u0161nja vode, stvarno \u010disti sudovi.","description":"Bosch i Finish udru\u017euju snage kako bi vam pru\u017eili blistavo \u010diste sudove bez da vi pomerite prst.","robots":{"index":"index","follow":"follow","max-snippet":"max-snippet:-1","max-image-preview":"max-image-preview:large","max-video-preview":"max-video-preview:-1"},"canonical":"https:\/\/likeabosch.bosch-home.rs\/sudomasine\/","og_locale":"en_US","og_type":"article","og_title":"Manja potro\u0161nja vode, stvarno \u010disti sudovi.","og_description":"Bosch i Finish udru\u017euju snage kako bi vam pru\u017eili blistavo \u010diste sudove bez da vi pomerite prst.","og_url":"https:\/\/likeabosch.bosch-home.rs\/sudomasine\/","og_site_name":"Sudove peri i novac u\u0161tedi! - Recite zbogom ru\u010dnom pranju posu\u0111a - BOSCH Sudoma\u0161ine","article_modified_time":"2026-03-22T22:15:28+00:00","og_image":[{"width":1200,"height":630,"url":"https:\/\/likeabosch.bosch-home.rs\/sudomasine\/wp-content\/uploads\/sites\/4\/2024\/02\/r2.jpg","path":"\/var\/www\/sites\/digitalsquare\/likeabosch.bosch-home.rs\/docs\/wp-content\/uploads\/sites\/4\/2024\/02\/r2.jpg","size":"full","id":"270","alt":"","pixels":756000,"type":"image\/jpeg"}],"twitter_card":"summary_large_image","schema":{"@context":"https:\/\/schema.org","@graph":[{"@type":"WebSite","@id":"https:\/\/likeabosch.bosch-home.rs\/sudomasine\/#website","url":"https:\/\/likeabosch.bosch-home.rs\/sudomasine\/","name":"Sudove peri i novac u\u0161tedi! - Recite zbogom ru\u010dnom pranju posu\u0111a - BOSCH Sudoma\u0161ine","description":"BOSCH Sudoma\u0161ine","potentialAction":[{"@type":"SearchAction","target":{"@type":"EntryPoint","urlTemplate":"https:\/\/likeabosch.bosch-home.rs\/sudomasine\/?s={search_term_string}"},"query-input":"required name=search_term_string"}],"inLanguage":"en-US"},{"@type":"ImageObject","@id":"https:\/\/likeabosch.bosch-home.rs\/sudomasine\/#primaryimage","inLanguage":"en-US","url":"https:\/\/likeabosch.bosch-home.rs\/sudomasine\/wp-content\/uploads\/sites\/4\/2024\/02\/r2.jpg","contentUrl":"https:\/\/likeabosch.bosch-home.rs\/sudomasine\/wp-content\/uploads\/sites\/4\/2024\/02\/r2.jpg","width":1200,"height":630},{"@type":"WebPage","@id":"https:\/\/likeabosch.bosch-home.rs\/sudomasine\/#webpage","url":"https:\/\/likeabosch.bosch-home.rs\/sudomasine\/","name":"Manja potro\u0161nja vode, stvarno \u010disti sudovi.","isPartOf":{"@id":"https:\/\/likeabosch.bosch-home.rs\/sudomasine\/#website"},"datePublished":"2022-03-03T11:28:02+00:00","dateModified":"2026-03-22T22:15:28+00:00","description":"Bosch i Finish udru\u017euju snage kako bi vam pru\u017eili blistavo \u010diste sudove bez da vi pomerite prst.","breadcrumb":{"@id":"https:\/\/likeabosch.bosch-home.rs\/sudomasine\/#breadcrumb"},"inLanguage":"en-US","potentialAction":[{"@type":"ReadAction","target":["https:\/\/likeabosch.bosch-home.rs\/sudomasine\/"]}]},{"@type":"BreadcrumbList","@id":"https:\/\/likeabosch.bosch-home.rs\/sudomasine\/#breadcrumb","itemListElement":[{"@type":"ListItem","position":1,"name":"Home","item":"https:\/\/likeabosch.bosch-home.rs\/sudomasine\/"},{"@type":"ListItem","position":2,"name":"Naslovna"}]}]}},"_links":{"self":[{"href":"https:\/\/likeabosch.bosch-home.rs\/sudomasine\/wp-json\/wp\/v2\/pages\/173","targetHints":{"allow":["GET"]}}],"collection":[{"href":"https:\/\/likeabosch.bosch-home.rs\/sudomasine\/wp-json\/wp\/v2\/pages"}],"about":[{"href":"https:\/\/likeabosch.bosch-home.rs\/sudomasine\/wp-json\/wp\/v2\/types\/page"}],"author":[{"embeddable":true,"href":"https:\/\/likeabosch.bosch-home.rs\/sudomasine\/wp-json\/wp\/v2\/users\/1"}],"replies":[{"embeddable":true,"href":"https:\/\/likeabosch.bosch-home.rs\/sudomasine\/wp-json\/wp\/v2\/comments?post=173"}],"version-history":[{"count":30,"href":"https:\/\/likeabosch.bosch-home.rs\/sudomasine\/wp-json\/wp\/v2\/pages\/173\/revisions"}],"predecessor-version":[{"id":286,"href":"https:\/\/likeabosch.bosch-home.rs\/sudomasine\/wp-json\/wp\/v2\/pages\/173\/revisions\/286"}],"wp:attachment":[{"href":"https:\/\/likeabosch.bosch-home.rs\/sudomasine\/wp-json\/wp\/v2\/media?parent=173"}],"curies":[{"name":"wp","href":"https:\/\/api.w.org\/{rel}","templated":true}]}}